{"id":97,"date":"2020-02-06T09:09:43","date_gmt":"2020-02-06T09:09:43","guid":{"rendered":"https:\/\/litho.themezaa.com\/?page_id=97"},"modified":"2023-01-19T11:01:08","modified_gmt":"2023-01-19T11:01:08","slug":"mentoria","status":"publish","type":"page","link":"https:\/\/avectoi.me\/pt\/mentoria\/","title":{"rendered":"Mentoria"},"content":{"rendered":"<div data-elementor-type=\"wp-page\" data-elementor-id=\"97\" class=\"elementor elementor-97\">\n\t\t\t\t\t\t\t\t\t<section class=\"elementor-section elementor-top-section elementor-element elementor-element-1eab053 elementor-section-boxed elementor-section-height-default elementor-section-height-default\" data-id=\"1eab053\" data-element_type=\"section\">\n\t\t\t\t\t\t<div class=\"elementor-container elementor-column-gap-default\">\n\t\t\t\t\t<div class=\"elementor-column elementor-col-50 elementor-top-column elementor-element elementor-element-c90cf32\" data-fullscreen-column-settings=\"{&quot;fullscreen&quot;:&quot;&quot;}\" data-id=\"c90cf32\" data-element_type=\"column\">\n\t\t\t<div class=\"elementor-widget-wrap elementor-element-populated\">\n\t\t\t\t\t\t\t\t<div class=\"elementor-element elementor-element-1de416d elementor-widget elementor-widget-text-editor\" data-id=\"1de416d\" data-element_type=\"widget\" data-widget_type=\"text-editor.default\">\n\t\t\t\t<div class=\"elementor-widget-container\">\n\t\t\t<style>\/*! elementor - v3.7.7 - 20-09-2022 *\/\n.elementor-widget-text-editor.elementor-drop-cap-view-stacked .elementor-drop-cap{background-color:#818a91;color:#fff}.elementor-widget-text-editor.elementor-drop-cap-view-framed .elementor-drop-cap{color:#818a91;border:3px solid;background-color:transparent}.elementor-widget-text-editor:not(.elementor-drop-cap-view-default) .elementor-drop-cap{margin-top:8px}.elementor-widget-text-editor:not(.elementor-drop-cap-view-default) .elementor-drop-cap-letter{width:1em;height:1em}.elementor-widget-text-editor .elementor-drop-cap{float:left;text-align:center;line-height:1;font-size:50px}.elementor-widget-text-editor .elementor-drop-cap-letter{display:inline-block}<\/style>\t\t\t\t<p>A mentoria consiste num espa\u00e7o interpessoal de aux\u00edlio, orienta\u00e7\u00e3o, questionamento, mas tamb\u00e9m de partilha e aprendizagem. O mentor (eu) p\u00f5e \u00e0 disposi\u00e7\u00e3o o seu olhar cr\u00edtico com o objetivo de favorecer o desenvolvimento do mentorado (tu) com compet\u00eancias ou conhecimento a adquirir, assim como os objetivos profissionais a atingir. Este acompanhamento \u00e9 inserido num quadro de rela\u00e7\u00e3o profissional, respondendo \u00e0s necessidades particulares, em fun\u00e7\u00e3o dos objetivos que ir\u00e3o permitir um melhor desenvolvimento pessoal e profissional. O mentor dever\u00e1 orientar o mentorado para o profissional mais competente, se necess\u00e1rio.<\/p>\t\t\t\t\t\t<\/div>\n\t\t\t\t<\/div>\n\t\t\t\t\t<\/div>\n\t\t<\/div>\n\t\t\t\t<div class=\"elementor-column elementor-col-50 elementor-top-column elementor-element elementor-element-8c86169\" data-fullscreen-column-settings=\"{&quot;fullscreen&quot;:&quot;&quot;}\" data-id=\"8c86169\" data-element_type=\"column\">\n\t\t\t<div class=\"elementor-widget-wrap elementor-element-populated\">\n\t\t\t\t\t\t\t\t<div class=\"elementor-element elementor-element-db2ec6d elementor-widget elementor-widget-text-editor\" data-id=\"db2ec6d\" data-element_type=\"widget\" data-widget_type=\"text-editor.default\">\n\t\t\t\t<div class=\"elementor-widget-container\">\n\t\t\t\t\t\t\t<p>As empresas que acreditam que \u00e9 atrav\u00e9s do acompanhamento dos colaboradores que os tornamos mais felizes no local de trabalho poder\u00e3o tamb\u00e9m solicitar mentoria. \u00c9 aconselhado, para que a colabora\u00e7\u00e3o reflita um ambiente saud\u00e1vel e eficaz, que o mentor seja externo. Esta pr\u00e1tica \u00e9 particularmente apreciada pelos dirigentes e colaboradores por garantir um espa\u00e7o neutro, isto para al\u00e9m dos recursos humanos existentes que devem continuar a trabalhar de forma ativa no acompanhamento do colaborador.<\/p>\t\t\t\t\t\t<\/div>\n\t\t\t\t<\/div>\n\t\t\t\t\t<\/div>\n\t\t<\/div>\n\t\t\t\t\t\t\t<\/div>\n\t\t<\/section>\n\t\t\t\t<section class=\"elementor-section elementor-top-section elementor-element elementor-element-a40c2f1 elementor-section-content-middle elementor-reverse-tablet elementor-reverse-mobile elementor-section-boxed elementor-section-height-default elementor-section-height-default elementor-invisible\" data-id=\"a40c2f1\" data-element_type=\"section\" data-settings=\"{&quot;background_background&quot;:&quot;classic&quot;,&quot;animation&quot;:&quot;fadeIn&quot;}\">\n\t\t\t\t\t\t<div class=\"elementor-container elementor-column-gap-default\">\n\t\t\t\t\t<div class=\"elementor-column elementor-col-100 elementor-top-column elementor-element elementor-element-5fc3bfd elementor-invisible\" data-fullscreen-column-settings=\"{&quot;fullscreen&quot;:&quot;&quot;}\" data-id=\"5fc3bfd\" data-element_type=\"column\" data-settings=\"{&quot;animation&quot;:&quot;fadeIn&quot;,&quot;animation_delay&quot;:200}\">\n\t\t\t<div class=\"elementor-widget-wrap elementor-element-populated\">\n\t\t\t\t\t\t\t\t<div class=\"elementor-element elementor-element-59e3659 elementor-widget elementor-widget-litho-text-rotator\" data-id=\"59e3659\" data-element_type=\"widget\" data-widget_type=\"litho-text-rotator.default\">\n\t\t\t\t<div class=\"elementor-widget-container\">\n\t\t\t\t\t\t<h5 class=\"cd-headline slide\">\n\t\t\t\t\t\t\t\t\t<span class=\"title\">Sess\u00f5es de Mentoria para<\/span>\n\t\t\t\t\t\t\t\t<span class=\"cd-words-wrapper\">\n\t\t\t\t\t\t\t\t\t\t\t\t\t\t\t\t\t\t<b class=\"text-rotator is-visible\">jovens e\/ou adultos<\/b>\n\t\t\t\t\t\t\t\t\t\t\t\t\t\t\t\t\t\t\t\t\t\t\t\t\t<b class=\"text-rotator\">jovens e\/ou adultos<\/b>\n\t\t\t\t\t\t\t\t\t\t\t\t\t\t\t\t<\/span>\n\t\t\t<\/h5>\n\t\t\t\t\t<\/div>\n\t\t\t\t<\/div>\n\t\t\t\t<div class=\"elementor-element elementor-element-5747e09 elementor-icon-list--layout-traditional elementor-widget elementor-widget-litho-lists\" data-id=\"5747e09\" data-element_type=\"widget\" data-widget_type=\"litho-lists.default\">\n\t\t\t\t<div class=\"elementor-widget-container\">\n\t\t\t\t\t\t<ul class=\"elementor-icon-list-items\">\n\t\t\t\t\t\t\t\t\t<li class=\"elementor-icon-list-item list-item\">\n\t\t\t\t\t\t\t\t\t\t\t\t\t<span class=\"elementor-icon-list-icon\">\n\t\t\t\t\t\t\t\t<i aria-hidden=\"true\" class=\"fas fa-check\"><\/i>\t\t\t\t\t\t\t<\/span>\n\t\t\t\t\t\t\t\t\t\t\t\t<span class=\"elementor-icon-list-text\">Reflex\u00e3o sobre a orienta\u00e7\u00e3o profissional<\/span>\n\t\t\t\t\t\t\t\t\t\t\t<\/li>\n\t\t\t\t\t\t\t\t\t\t<li class=\"elementor-icon-list-item list-item\">\n\t\t\t\t\t\t\t\t\t\t\t\t\t<span class=\"elementor-icon-list-icon\">\n\t\t\t\t\t\t\t\t<i aria-hidden=\"true\" class=\"fas fa-check\"><\/i>\t\t\t\t\t\t\t<\/span>\n\t\t\t\t\t\t\t\t\t\t\t\t<span class=\"elementor-icon-list-text\">Acompanhamento no processo de crescimento e\/ou mudan\u00e7a profissional<\/span>\n\t\t\t\t\t\t\t\t\t\t\t<\/li>\n\t\t\t\t\t\t\t\t\t\t<li class=\"elementor-icon-list-item list-item\">\n\t\t\t\t\t\t\t\t\t\t\t\t\t<span class=\"elementor-icon-list-icon\">\n\t\t\t\t\t\t\t\t<i aria-hidden=\"true\" class=\"fas fa-check\"><\/i>\t\t\t\t\t\t\t<\/span>\n\t\t\t\t\t\t\t\t\t\t\t\t<span class=\"elementor-icon-list-text\">Orienta\u00e7\u00e3o na busca de emprego<\/span>\n\t\t\t\t\t\t\t\t\t\t\t<\/li>\n\t\t\t\t\t\t\t\t\t\t<li class=\"elementor-icon-list-item list-item\">\n\t\t\t\t\t\t\t\t\t\t\t\t\t<span class=\"elementor-icon-list-icon\">\n\t\t\t\t\t\t\t\t<i aria-hidden=\"true\" class=\"fas fa-check\"><\/i>\t\t\t\t\t\t\t<\/span>\n\t\t\t\t\t\t\t\t\t\t\t\t<span class=\"elementor-icon-list-text\">Est\u00edmulo da motiva\u00e7\u00e3o pessoal<\/span>\n\t\t\t\t\t\t\t\t\t\t\t<\/li>\n\t\t\t\t\t\t\t\t\t\t<li class=\"elementor-icon-list-item list-item\">\n\t\t\t\t\t\t\t\t\t\t\t\t\t<span class=\"elementor-icon-list-icon\">\n\t\t\t\t\t\t\t\t<i aria-hidden=\"true\" class=\"fas fa-check\"><\/i>\t\t\t\t\t\t\t<\/span>\n\t\t\t\t\t\t\t\t\t\t\t\t<span class=\"elementor-icon-list-text\">Acompanhamento na elabora\u00e7\u00e3o dos dossiers de candidatura<\/span>\n\t\t\t\t\t\t\t\t\t\t\t<\/li>\n\t\t\t\t\t\t\t\t<\/ul>\n\t\t\t\t\t<\/div>\n\t\t\t\t<\/div>\n\t\t\t\t<div class=\"elementor-element elementor-element-6199d8f elementor-widget elementor-widget-litho-text-rotator\" data-id=\"6199d8f\" data-element_type=\"widget\" data-widget_type=\"litho-text-rotator.default\">\n\t\t\t\t<div class=\"elementor-widget-container\">\n\t\t\t\t\t\t<h5 class=\"cd-headline slide\">\n\t\t\t\t\t\t\t\t<span class=\"cd-words-wrapper\">\n\t\t\t\t\t\t\t\t\t\t\t\t\t\t\t\t\t\t\t\t\t<\/span>\n\t\t\t<\/h5>\n\t\t\t\t\t<\/div>\n\t\t\t\t<\/div>\n\t\t\t\t<div class=\"elementor-element elementor-element-ef3cd34 elementor-widget elementor-widget-litho-text-rotator\" data-id=\"ef3cd34\" data-element_type=\"widget\" data-widget_type=\"litho-text-rotator.default\">\n\t\t\t\t<div class=\"elementor-widget-container\">\n\t\t\t\t\t\t<h5 class=\"cd-headline slide\">\n\t\t\t\t\t\t\t\t\t<span class=\"title\">Sess\u00f5es de Mentoria<\/span>\n\t\t\t\t\t\t\t\t<span class=\"cd-words-wrapper\">\n\t\t\t\t\t\t\t\t\t\t\t\t\t\t\t\t\t\t<b class=\"text-rotator is-visible\">empresarial<\/b>\n\t\t\t\t\t\t\t\t\t\t\t\t\t\t\t\t\t\t\t\t\t\t\t\t\t<b class=\"text-rotator\">empresarial<\/b>\n\t\t\t\t\t\t\t\t\t\t\t\t\t\t\t\t<\/span>\n\t\t\t<\/h5>\n\t\t\t\t\t<\/div>\n\t\t\t\t<\/div>\n\t\t\t\t<div class=\"elementor-element elementor-element-1a4cbc8 elementor-icon-list--layout-traditional elementor-widget elementor-widget-litho-lists\" data-id=\"1a4cbc8\" data-element_type=\"widget\" data-widget_type=\"litho-lists.default\">\n\t\t\t\t<div class=\"elementor-widget-container\">\n\t\t\t\t\t\t<ul class=\"elementor-icon-list-items\">\n\t\t\t\t\t\t\t\t\t<li class=\"elementor-icon-list-item list-item\">\n\t\t\t\t\t\t\t\t\t\t\t\t\t<span class=\"elementor-icon-list-icon\">\n\t\t\t\t\t\t\t\t<i aria-hidden=\"true\" class=\"fas fa-check\"><\/i>\t\t\t\t\t\t\t<\/span>\n\t\t\t\t\t\t\t\t\t\t\t\t<span class=\"elementor-icon-list-text\">Acompanhamento no processo de um colaborador em baixa m\u00e9dica, atrav\u00e9s de consultas para criar um plano individual, estando atento \u00e0s necessidades de ambas as partes<\/span>\n\t\t\t\t\t\t\t\t\t\t\t<\/li>\n\t\t\t\t\t\t\t\t\t\t<li class=\"elementor-icon-list-item list-item\">\n\t\t\t\t\t\t\t\t\t\t\t\t\t<span class=\"elementor-icon-list-icon\">\n\t\t\t\t\t\t\t\t<i aria-hidden=\"true\" class=\"fas fa-check\"><\/i>\t\t\t\t\t\t\t<\/span>\n\t\t\t\t\t\t\t\t\t\t\t\t<span class=\"elementor-icon-list-text\">Coordena\u00e7\u00e3o de um retorno ao trabalho num contexto sereno, eficaz, numa real harmonia entre ambas as partes<\/span>\n\t\t\t\t\t\t\t\t\t\t\t<\/li>\n\t\t\t\t\t\t\t\t\t\t<li class=\"elementor-icon-list-item list-item\">\n\t\t\t\t\t\t\t\t\t\t\t\t\t<span class=\"elementor-icon-list-icon\">\n\t\t\t\t\t\t\t\t<i aria-hidden=\"true\" class=\"fas fa-check\"><\/i>\t\t\t\t\t\t\t<\/span>\n\t\t\t\t\t\t\t\t\t\t\t\t<span class=\"elementor-icon-list-text\">Assegura\u00e7\u00e3o de uma pessoa neutra, mas de refer\u00eancia, de escuta para os colaboradores, bem como para os l\u00edderes da empresa<\/span>\n\t\t\t\t\t\t\t\t\t\t\t<\/li>\n\t\t\t\t\t\t\t\t\t\t<li class=\"elementor-icon-list-item list-item\">\n\t\t\t\t\t\t\t\t\t\t\t\t\t<span class=\"elementor-icon-list-icon\">\n\t\t\t\t\t\t\t\t<i aria-hidden=\"true\" class=\"fas fa-check\"><\/i>\t\t\t\t\t\t\t<\/span>\n\t\t\t\t\t\t\t\t\t\t\t\t<span class=\"elementor-icon-list-text\">Cria\u00e7\u00e3o de elos internos de comunica\u00e7\u00e3o  <\/span>\n\t\t\t\t\t\t\t\t\t\t\t<\/li>\n\t\t\t\t\t\t\t\t\t\t<li class=\"elementor-icon-list-item list-item\">\n\t\t\t\t\t\t\t\t\t\t\t\t\t<span class=\"elementor-icon-list-icon\">\n\t\t\t\t\t\t\t\t\t\t\t\t\t\t\t<\/span>\n\t\t\t\t\t\t\t\t\t\t\t\t<span class=\"elementor-icon-list-text\">Estas sess\u00f5es de mentoria s\u00e3o particularmente apreciadas por gestores e colaboradores, pois trazem uma dimens\u00e3o adicional \u00e0 gest\u00e3o de recursos humanos <\/span>\n\t\t\t\t\t\t\t\t\t\t\t<\/li>\n\t\t\t\t\t\t\t\t<\/ul>\n\t\t\t\t\t<\/div>\n\t\t\t\t<\/div>\n\t\t\t\t\t<\/div>\n\t\t<\/div>\n\t\t\t\t\t\t\t<\/div>\n\t\t<\/section>\n\t\t\t\t\t\t\t<\/div>","protected":false},"excerpt":{"rendered":"<p>Le projet AvecToi offre un espace d\u2019\u00e9change, de remise en question, d\u2019apprentissage et d\u2019orientation, mais surtout de soutien tout au long du processus d\u2019accompagnement. Le mentor (moi) partage son expertise avec le mentor\u00e9 (toi) afin de favoriser le d\u00e9veloppement de ce dernier. Ce processus d\u2019accompagnement personnalis\u00e9 vise \u00e0 enrichir les comp\u00e9tences existantes du mentor\u00e9, ainsi [&hellip;]<\/p>","protected":false},"author":2,"featured_media":0,"parent":0,"menu_order":255,"comment_status":"closed","ping_status":"closed","template":"","meta":{"footnotes":""},"class_list":["post-97","page","type-page","status-publish","hentry"],"yoast_head":"<!-- This site is optimized with the Yoast SEO plugin v20.0 - https:\/\/yoast.com\/wordpress\/plugins\/seo\/ -->\n<title>Mentorat - Avectoi<\/title>\n<meta name=\"robots\" content=\"index, follow, max-snippet:-1, max-image-preview:large, max-video-preview:-1\" \/>\n<link rel=\"canonical\" href=\"https:\/\/avectoi.me\/pt\/mentoria\/\" \/>\n<meta property=\"og:locale\" content=\"pt_PT\" \/>\n<meta property=\"og:type\" content=\"article\" \/>\n<meta property=\"og:title\" content=\"Mentorat - Avectoi\" \/>\n<meta property=\"og:description\" content=\"Le projet AvecToi offre un espace d\u2019\u00e9change, de remise en question, d\u2019apprentissage et d\u2019orientation, mais surtout de soutien tout au long du processus d\u2019accompagnement. Le mentor (moi) partage son expertise avec le mentor\u00e9 (toi) afin de favoriser le d\u00e9veloppement de ce dernier. Ce processus d\u2019accompagnement personnalis\u00e9 vise \u00e0 enrichir les comp\u00e9tences existantes du mentor\u00e9, ainsi [&hellip;]\" \/>\n<meta property=\"og:url\" content=\"https:\/\/avectoi.me\/pt\/mentoria\/\" \/>\n<meta property=\"og:site_name\" content=\"Avectoi\" \/>\n<meta property=\"article:modified_time\" content=\"2023-01-19T11:01:08+00:00\" \/>\n<meta name=\"twitter:card\" content=\"summary_large_image\" \/>\n<meta name=\"twitter:label1\" content=\"Tempo estimado de leitura\" \/>\n\t<meta name=\"twitter:data1\" content=\"1 minuto\" \/>\n<script type=\"application\/ld+json\" class=\"yoast-schema-graph\">{\"@context\":\"https:\/\/schema.org\",\"@graph\":[{\"@type\":\"WebPage\",\"@id\":\"https:\/\/avectoi.me\/mentoria\/\",\"url\":\"https:\/\/avectoi.me\/mentoria\/\",\"name\":\"Mentorat - Avectoi\",\"isPartOf\":{\"@id\":\"https:\/\/avectoi.me\/#website\"},\"datePublished\":\"2020-02-06T09:09:43+00:00\",\"dateModified\":\"2023-01-19T11:01:08+00:00\",\"breadcrumb\":{\"@id\":\"https:\/\/avectoi.me\/mentoria\/#breadcrumb\"},\"inLanguage\":\"pt-PT\",\"potentialAction\":[{\"@type\":\"ReadAction\",\"target\":[\"https:\/\/avectoi.me\/mentoria\/\"]}]},{\"@type\":\"BreadcrumbList\",\"@id\":\"https:\/\/avectoi.me\/mentoria\/#breadcrumb\",\"itemListElement\":[{\"@type\":\"ListItem\",\"position\":1,\"name\":\"In\u00edcio\",\"item\":\"https:\/\/avectoi.me\/\"},{\"@type\":\"ListItem\",\"position\":2,\"name\":\"Mentorat\"}]},{\"@type\":\"WebSite\",\"@id\":\"https:\/\/avectoi.me\/#website\",\"url\":\"https:\/\/avectoi.me\/\",\"name\":\"Avectoi\",\"description\":\"\",\"potentialAction\":[{\"@type\":\"SearchAction\",\"target\":{\"@type\":\"EntryPoint\",\"urlTemplate\":\"https:\/\/avectoi.me\/?s={search_term_string}\"},\"query-input\":\"required name=search_term_string\"}],\"inLanguage\":\"pt-PT\"}]}<\/script>\n<!-- \/ Yoast SEO plugin. -->","yoast_head_json":{"title":"Mentorat - Avectoi","robots":{"index":"index","follow":"follow","max-snippet":"max-snippet:-1","max-image-preview":"max-image-preview:large","max-video-preview":"max-video-preview:-1"},"canonical":"https:\/\/avectoi.me\/pt\/mentoria\/","og_locale":"pt_PT","og_type":"article","og_title":"Mentorat - Avectoi","og_description":"Le projet AvecToi offre un espace d\u2019\u00e9change, de remise en question, d\u2019apprentissage et d\u2019orientation, mais surtout de soutien tout au long du processus d\u2019accompagnement. Le mentor (moi) partage son expertise avec le mentor\u00e9 (toi) afin de favoriser le d\u00e9veloppement de ce dernier. Ce processus d\u2019accompagnement personnalis\u00e9 vise \u00e0 enrichir les comp\u00e9tences existantes du mentor\u00e9, ainsi [&hellip;]","og_url":"https:\/\/avectoi.me\/pt\/mentoria\/","og_site_name":"Avectoi","article_modified_time":"2023-01-19T11:01:08+00:00","twitter_card":"summary_large_image","twitter_misc":{"Tempo estimado de leitura":"1 minuto"},"schema":{"@context":"https:\/\/schema.org","@graph":[{"@type":"WebPage","@id":"https:\/\/avectoi.me\/mentoria\/","url":"https:\/\/avectoi.me\/mentoria\/","name":"Mentorat - Avectoi","isPartOf":{"@id":"https:\/\/avectoi.me\/#website"},"datePublished":"2020-02-06T09:09:43+00:00","dateModified":"2023-01-19T11:01:08+00:00","breadcrumb":{"@id":"https:\/\/avectoi.me\/mentoria\/#breadcrumb"},"inLanguage":"pt-PT","potentialAction":[{"@type":"ReadAction","target":["https:\/\/avectoi.me\/mentoria\/"]}]},{"@type":"BreadcrumbList","@id":"https:\/\/avectoi.me\/mentoria\/#breadcrumb","itemListElement":[{"@type":"ListItem","position":1,"name":"In\u00edcio","item":"https:\/\/avectoi.me\/"},{"@type":"ListItem","position":2,"name":"Mentorat"}]},{"@type":"WebSite","@id":"https:\/\/avectoi.me\/#website","url":"https:\/\/avectoi.me\/","name":"Avectoi","description":"","potentialAction":[{"@type":"SearchAction","target":{"@type":"EntryPoint","urlTemplate":"https:\/\/avectoi.me\/?s={search_term_string}"},"query-input":"required name=search_term_string"}],"inLanguage":"pt-PT"}]}},"_links":{"self":[{"href":"https:\/\/avectoi.me\/pt\/wp-json\/wp\/v2\/pages\/97","targetHints":{"allow":["GET"]}}],"collection":[{"href":"https:\/\/avectoi.me\/pt\/wp-json\/wp\/v2\/pages"}],"about":[{"href":"https:\/\/avectoi.me\/pt\/wp-json\/wp\/v2\/types\/page"}],"author":[{"embeddable":true,"href":"https:\/\/avectoi.me\/pt\/wp-json\/wp\/v2\/users\/2"}],"replies":[{"embeddable":true,"href":"https:\/\/avectoi.me\/pt\/wp-json\/wp\/v2\/comments?post=97"}],"version-history":[{"count":78,"href":"https:\/\/avectoi.me\/pt\/wp-json\/wp\/v2\/pages\/97\/revisions"}],"predecessor-version":[{"id":76379,"href":"https:\/\/avectoi.me\/pt\/wp-json\/wp\/v2\/pages\/97\/revisions\/76379"}],"wp:attachment":[{"href":"https:\/\/avectoi.me\/pt\/wp-json\/wp\/v2\/media?parent=97"}],"curies":[{"name":"wp","href":"https:\/\/api.w.org\/{rel}","templated":true}]}}